{"id":11846,"date":"2024-01-22T18:07:59","date_gmt":"2024-01-22T17:07:59","guid":{"rendered":"https:\/\/www.grainesdemiel.com\/?post_type=product&#038;p=11846"},"modified":"2025-10-21T13:21:05","modified_gmt":"2025-10-21T11:21:05","slug":"miel-de-tournesol-250g","status":"publish","type":"product","link":"https:\/\/www.grainesdemiel.com\/index.php\/produit\/miel-de-tournesol-250g\/","title":{"rendered":"Miel de Tournesol &#8211; 250g"},"content":{"rendered":"<p>Un miel avec la d\u00e9nomination \u00ab\u00a0miel de tournesol\u00a0\u00bb est un <strong>miel de type monofloral.<\/strong> Cela signifie qu&rsquo;une grande majorit\u00e9 du miel provient du nectar des plants de tournesol. Moins connu que d\u2019autres types de miel, comme le miel de ch\u00e2taignier ou le miel de sarrasin, le miel de tournesol se consomme avec tout autant de gourmandise.<\/p>\n<p>Il est de couleur jaune vif \u00e0 jaune paille. Il peut \u00e9galement tourner vers un jaune orang\u00e9, parfois dor\u00e9. De part sa douceur, c\u2019est un miel qui est tr\u00e8s facilement appr\u00e9ci\u00e9. Il est agr\u00e9able en bouche et peu prononc\u00e9.<br \/>\nSes notes v\u00e9g\u00e9tales et aromatiques sont subtilement bien \u00e9quilibr\u00e9es. Certains y trouvent m\u00eame un l\u00e9ger c\u00f4t\u00e9 acidul\u00e9, qui s\u2019associe agr\u00e9ablement avec la bonne teneur en sucre de ce miel.<\/p>\n<h2>Ses caract\u00e9ristiques<\/h2>\n<p>Le tournesol, donne un miel souvent oubli\u00e9, recherch\u00e9 et aux caract\u00e9ristiques suivantes :<br \/>\n&#8211;\u00a0<strong>Couleur :<\/strong> jaune vif, avec des reflets jaune paille<br \/>\n&#8211;\u00a0<strong>Texture :<\/strong> miel liquide, \u00e0 cristallisation rapide<br \/>\n&#8211;\u00a0<strong>Odeur :<\/strong> l\u00e9ger, une odeur florale et beurr\u00e9<br \/>\n&#8211;\u00a0<strong>Go\u00fbt :<\/strong> doux et d\u00e9licat, peu persistant en bouche<br \/>\n&#8211;\u00a0<strong>Saveur :<\/strong> sucr\u00e9e<br \/>\n&#8211; <strong>Conservation<\/strong> : tr\u00e8s bonne<\/p>\n","protected":false},"excerpt":{"rendered":"<p>Graines de Miel &#8211; Miel de Tournesol &#8211; 250g<\/p>\n","protected":false},"featured_media":11847,"comment_status":"open","ping_status":"closed","template":"","meta":{"ocean_post_layout":"","ocean_both_sidebars_style":"","ocean_both_sidebars_content_width":0,"ocean_both_sidebars_sidebars_width":0,"ocean_sidebar":"0","ocean_second_sidebar":"0","ocean_disable_margins":"enable","ocean_add_body_class":"","ocean_shortcode_before_top_bar":"","ocean_shortcode_after_top_bar":"","ocean_shortcode_before_header":"","ocean_shortcode_after_header":"","ocean_has_shortcode":"","ocean_shortcode_after_title":"","ocean_shortcode_before_footer_widgets":"","ocean_shortcode_after_footer_widgets":"","ocean_shortcode_before_footer_bottom":"","ocean_shortcode_after_footer_bottom":"","ocean_display_top_bar":"default","ocean_display_header":"default","ocean_header_style":"","ocean_center_header_left_menu":"0","ocean_custom_header_template":"0","ocean_custom_logo":0,"ocean_custom_retina_logo":0,"ocean_custom_logo_max_width":0,"ocean_custom_logo_tablet_max_width":0,"ocean_custom_logo_mobile_max_width":0,"ocean_custom_logo_max_height":0,"ocean_custom_logo_tablet_max_height":0,"ocean_custom_logo_mobile_max_height":0,"ocean_header_custom_menu":"0","ocean_menu_typo_font_family":"0","ocean_menu_typo_font_subset":"","ocean_menu_typo_font_size":0,"ocean_menu_typo_font_size_tablet":0,"ocean_menu_typo_font_size_mobile":0,"ocean_menu_typo_font_size_unit":"px","ocean_menu_typo_font_weight":"","ocean_menu_typo_font_weight_tablet":"","ocean_menu_typo_font_weight_mobile":"","ocean_menu_typo_transform":"","ocean_menu_typo_transform_tablet":"","ocean_menu_typo_transform_mobile":"","ocean_menu_typo_line_height":0,"ocean_menu_typo_line_height_tablet":0,"ocean_menu_typo_line_height_mobile":0,"ocean_menu_typo_line_height_unit":"","ocean_menu_typo_spacing":0,"ocean_menu_typo_spacing_tablet":0,"ocean_menu_typo_spacing_mobile":0,"ocean_menu_typo_spacing_unit":"","ocean_menu_link_color":"","ocean_menu_link_color_hover":"","ocean_menu_link_color_active":"","ocean_menu_link_background":"","ocean_menu_link_hover_background":"","ocean_menu_link_active_background":"","ocean_menu_social_links_bg":"","ocean_menu_social_hover_links_bg":"","ocean_menu_social_links_color":"","ocean_menu_social_hover_links_color":"","ocean_disable_title":"default","ocean_disable_heading":"default","ocean_post_title":"","ocean_post_subheading":"","ocean_post_title_style":"","ocean_post_title_background_color":"","ocean_post_title_background":0,"ocean_post_title_bg_image_position":"","ocean_post_title_bg_image_attachment":"","ocean_post_title_bg_image_repeat":"","ocean_post_title_bg_image_size":"","ocean_post_title_height":0,"ocean_post_title_bg_overlay":0.5,"ocean_post_title_bg_overlay_color":"","ocean_disable_breadcrumbs":"default","ocean_breadcrumbs_color":"","ocean_breadcrumbs_separator_color":"","ocean_breadcrumbs_links_color":"","ocean_breadcrumbs_links_hover_color":"","ocean_display_footer_widgets":"default","ocean_display_footer_bottom":"default","ocean_custom_footer_template":"0","omw_enable_modal_window":"enable"},"product_brand":[],"product_cat":[19],"product_tag":[25,22,45],"class_list":{"0":"post-11846","1":"product","2":"type-product","3":"status-publish","4":"has-post-thumbnail","6":"product_cat-pot-de-miel","7":"product_tag-250g","8":"product_tag-miel","9":"product_tag-tournesol","11":"entry","12":"has-media","14":"first","15":"instock","16":"purchasable","17":"product-type-simple","18":"has-product-nav","19":"col","20":"span_1_of_3","21":"owp-content-center","22":"owp-thumbs-layout-horizontal","23":"owp-btn-normal","24":"owp-tabs-layout-horizontal","25":"has-no-thumbnails"},"yoast_head":"<!-- This site is optimized with the Yoast SEO plugin v25.4 - https:\/\/yoast.com\/wordpress\/plugins\/seo\/ -->\n<title>Miel de Tournesol - 250g - Graines de Miel<\/title>\n<meta name=\"description\" content=\"Graines de Miel - Le monde du miel et ses bienfaits dans votre vie - Vente, Informations, Partages - Happy&#039;cultrice en Loire-Atlantique au coeur du parc naturel de la Bri\u00e8re\" \/>\n<meta name=\"robots\" content=\"index, follow, max-snippet:-1, max-image-preview:large, max-video-preview:-1\" \/>\n<link rel=\"canonical\" href=\"https:\/\/www.grainesdemiel.com\/index.php\/produit\/miel-de-tournesol-250g\/\" \/>\n<meta property=\"og:locale\" content=\"fr_FR\" \/>\n<meta property=\"og:type\" content=\"article\" \/>\n<meta property=\"og:title\" content=\"Miel de Tournesol - 250g - Graines de Miel\" \/>\n<meta property=\"og:description\" content=\"Graines de Miel - Le monde du miel et ses bienfaits dans votre vie - Vente, Informations, Partages - Happy&#039;cultrice en Loire-Atlantique au coeur du parc naturel de la Bri\u00e8re\" \/>\n<meta property=\"og:url\" content=\"https:\/\/www.grainesdemiel.com\/index.php\/produit\/miel-de-tournesol-250g\/\" \/>\n<meta property=\"og:site_name\" content=\"Graines de Miel\" \/>\n<meta property=\"article:modified_time\" content=\"2025-10-21T11:21:05+00:00\" \/>\n<meta property=\"og:image\" content=\"https:\/\/www.grainesdemiel.com\/wp-content\/uploads\/2024\/01\/pot-de-miel-TOURNESOL-250.webp\" \/>\n\t<meta property=\"og:image:width\" content=\"424\" \/>\n\t<meta property=\"og:image:height\" content=\"600\" \/>\n\t<meta property=\"og:image:type\" content=\"image\/webp\" \/>\n<meta name=\"twitter:card\" content=\"summary_large_image\" \/>\n<meta name=\"twitter:label1\" content=\"Dur\u00e9e de lecture estim\u00e9e\" \/>\n\t<meta name=\"twitter:data1\" content=\"2 minutes\" \/>\n<script type=\"application\/ld+json\" class=\"yoast-schema-graph\">{\"@context\":\"https:\/\/schema.org\",\"@graph\":[{\"@type\":\"WebPage\",\"@id\":\"https:\/\/www.grainesdemiel.com\/index.php\/produit\/miel-de-tournesol-250g\/\",\"url\":\"https:\/\/www.grainesdemiel.com\/index.php\/produit\/miel-de-tournesol-250g\/\",\"name\":\"Miel de Tournesol - 250g - Graines de Miel\",\"isPartOf\":{\"@id\":\"https:\/\/www.grainesdemiel.com\/#website\"},\"primaryImageOfPage\":{\"@id\":\"https:\/\/www.grainesdemiel.com\/index.php\/produit\/miel-de-tournesol-250g\/#primaryimage\"},\"image\":{\"@id\":\"https:\/\/www.grainesdemiel.com\/index.php\/produit\/miel-de-tournesol-250g\/#primaryimage\"},\"thumbnailUrl\":\"https:\/\/www.grainesdemiel.com\/wp-content\/uploads\/2024\/01\/pot-de-miel-TOURNESOL-250.webp\",\"datePublished\":\"2024-01-22T17:07:59+00:00\",\"dateModified\":\"2025-10-21T11:21:05+00:00\",\"description\":\"Graines de Miel - Le monde du miel et ses bienfaits dans votre vie - Vente, Informations, Partages - Happy'cultrice en Loire-Atlantique au coeur du parc naturel de la Bri\u00e8re\",\"breadcrumb\":{\"@id\":\"https:\/\/www.grainesdemiel.com\/index.php\/produit\/miel-de-tournesol-250g\/#breadcrumb\"},\"inLanguage\":\"fr-FR\",\"potentialAction\":[{\"@type\":\"ReadAction\",\"target\":[\"https:\/\/www.grainesdemiel.com\/index.php\/produit\/miel-de-tournesol-250g\/\"]}]},{\"@type\":\"ImageObject\",\"inLanguage\":\"fr-FR\",\"@id\":\"https:\/\/www.grainesdemiel.com\/index.php\/produit\/miel-de-tournesol-250g\/#primaryimage\",\"url\":\"https:\/\/www.grainesdemiel.com\/wp-content\/uploads\/2024\/01\/pot-de-miel-TOURNESOL-250.webp\",\"contentUrl\":\"https:\/\/www.grainesdemiel.com\/wp-content\/uploads\/2024\/01\/pot-de-miel-TOURNESOL-250.webp\",\"width\":424,\"height\":600},{\"@type\":\"BreadcrumbList\",\"@id\":\"https:\/\/www.grainesdemiel.com\/index.php\/produit\/miel-de-tournesol-250g\/#breadcrumb\",\"itemListElement\":[{\"@type\":\"ListItem\",\"position\":1,\"name\":\"Accueil\",\"item\":\"https:\/\/www.grainesdemiel.com\/\"},{\"@type\":\"ListItem\",\"position\":2,\"name\":\"Boutique en ligne\",\"item\":\"https:\/\/www.grainesdemiel.com\/index.php\/boutique-en-ligne\/\"},{\"@type\":\"ListItem\",\"position\":3,\"name\":\"Miel de Tournesol &#8211; 250g\"}]},{\"@type\":\"WebSite\",\"@id\":\"https:\/\/www.grainesdemiel.com\/#website\",\"url\":\"https:\/\/www.grainesdemiel.com\/\",\"name\":\"Graines de Miel\",\"description\":\"La Nature et ses Bienfaits dans notre Vie\",\"publisher\":{\"@id\":\"https:\/\/www.grainesdemiel.com\/#organization\"},\"potentialAction\":[{\"@type\":\"SearchAction\",\"target\":{\"@type\":\"EntryPoint\",\"urlTemplate\":\"https:\/\/www.grainesdemiel.com\/?s={search_term_string}\"},\"query-input\":{\"@type\":\"PropertyValueSpecification\",\"valueRequired\":true,\"valueName\":\"search_term_string\"}}],\"inLanguage\":\"fr-FR\"},{\"@type\":\"Organization\",\"@id\":\"https:\/\/www.grainesdemiel.com\/#organization\",\"name\":\"Graines de miel\",\"url\":\"https:\/\/www.grainesdemiel.com\/\",\"logo\":{\"@type\":\"ImageObject\",\"inLanguage\":\"fr-FR\",\"@id\":\"https:\/\/www.grainesdemiel.com\/#\/schema\/logo\/image\/\",\"url\":\"https:\/\/www.grainesdemiel.com\/wp-content\/uploads\/2018\/12\/logo-full-small-grainesdemiel.png\",\"contentUrl\":\"https:\/\/www.grainesdemiel.com\/wp-content\/uploads\/2018\/12\/logo-full-small-grainesdemiel.png\",\"width\":400,\"height\":145,\"caption\":\"Graines de miel\"},\"image\":{\"@id\":\"https:\/\/www.grainesdemiel.com\/#\/schema\/logo\/image\/\"}}]}<\/script>\n<!-- \/ Yoast SEO plugin. -->","yoast_head_json":{"title":"Miel de Tournesol - 250g - Graines de Miel","description":"Graines de Miel - Le monde du miel et ses bienfaits dans votre vie - Vente, Informations, Partages - Happy'cultrice en Loire-Atlantique au coeur du parc naturel de la Bri\u00e8re","robots":{"index":"index","follow":"follow","max-snippet":"max-snippet:-1","max-image-preview":"max-image-preview:large","max-video-preview":"max-video-preview:-1"},"canonical":"https:\/\/www.grainesdemiel.com\/index.php\/produit\/miel-de-tournesol-250g\/","og_locale":"fr_FR","og_type":"article","og_title":"Miel de Tournesol - 250g - Graines de Miel","og_description":"Graines de Miel - Le monde du miel et ses bienfaits dans votre vie - Vente, Informations, Partages - Happy'cultrice en Loire-Atlantique au coeur du parc naturel de la Bri\u00e8re","og_url":"https:\/\/www.grainesdemiel.com\/index.php\/produit\/miel-de-tournesol-250g\/","og_site_name":"Graines de Miel","article_modified_time":"2025-10-21T11:21:05+00:00","og_image":[{"width":424,"height":600,"url":"https:\/\/www.grainesdemiel.com\/wp-content\/uploads\/2024\/01\/pot-de-miel-TOURNESOL-250.webp","type":"image\/webp"}],"twitter_card":"summary_large_image","twitter_misc":{"Dur\u00e9e de lecture estim\u00e9e":"2 minutes"},"schema":{"@context":"https:\/\/schema.org","@graph":[{"@type":"WebPage","@id":"https:\/\/www.grainesdemiel.com\/index.php\/produit\/miel-de-tournesol-250g\/","url":"https:\/\/www.grainesdemiel.com\/index.php\/produit\/miel-de-tournesol-250g\/","name":"Miel de Tournesol - 250g - Graines de Miel","isPartOf":{"@id":"https:\/\/www.grainesdemiel.com\/#website"},"primaryImageOfPage":{"@id":"https:\/\/www.grainesdemiel.com\/index.php\/produit\/miel-de-tournesol-250g\/#primaryimage"},"image":{"@id":"https:\/\/www.grainesdemiel.com\/index.php\/produit\/miel-de-tournesol-250g\/#primaryimage"},"thumbnailUrl":"https:\/\/www.grainesdemiel.com\/wp-content\/uploads\/2024\/01\/pot-de-miel-TOURNESOL-250.webp","datePublished":"2024-01-22T17:07:59+00:00","dateModified":"2025-10-21T11:21:05+00:00","description":"Graines de Miel - Le monde du miel et ses bienfaits dans votre vie - Vente, Informations, Partages - Happy'cultrice en Loire-Atlantique au coeur du parc naturel de la Bri\u00e8re","breadcrumb":{"@id":"https:\/\/www.grainesdemiel.com\/index.php\/produit\/miel-de-tournesol-250g\/#breadcrumb"},"inLanguage":"fr-FR","potentialAction":[{"@type":"ReadAction","target":["https:\/\/www.grainesdemiel.com\/index.php\/produit\/miel-de-tournesol-250g\/"]}]},{"@type":"ImageObject","inLanguage":"fr-FR","@id":"https:\/\/www.grainesdemiel.com\/index.php\/produit\/miel-de-tournesol-250g\/#primaryimage","url":"https:\/\/www.grainesdemiel.com\/wp-content\/uploads\/2024\/01\/pot-de-miel-TOURNESOL-250.webp","contentUrl":"https:\/\/www.grainesdemiel.com\/wp-content\/uploads\/2024\/01\/pot-de-miel-TOURNESOL-250.webp","width":424,"height":600},{"@type":"BreadcrumbList","@id":"https:\/\/www.grainesdemiel.com\/index.php\/produit\/miel-de-tournesol-250g\/#breadcrumb","itemListElement":[{"@type":"ListItem","position":1,"name":"Accueil","item":"https:\/\/www.grainesdemiel.com\/"},{"@type":"ListItem","position":2,"name":"Boutique en ligne","item":"https:\/\/www.grainesdemiel.com\/index.php\/boutique-en-ligne\/"},{"@type":"ListItem","position":3,"name":"Miel de Tournesol &#8211; 250g"}]},{"@type":"WebSite","@id":"https:\/\/www.grainesdemiel.com\/#website","url":"https:\/\/www.grainesdemiel.com\/","name":"Graines de Miel","description":"La Nature et ses Bienfaits dans notre Vie","publisher":{"@id":"https:\/\/www.grainesdemiel.com\/#organization"},"potentialAction":[{"@type":"SearchAction","target":{"@type":"EntryPoint","urlTemplate":"https:\/\/www.grainesdemiel.com\/?s={search_term_string}"},"query-input":{"@type":"PropertyValueSpecification","valueRequired":true,"valueName":"search_term_string"}}],"inLanguage":"fr-FR"},{"@type":"Organization","@id":"https:\/\/www.grainesdemiel.com\/#organization","name":"Graines de miel","url":"https:\/\/www.grainesdemiel.com\/","logo":{"@type":"ImageObject","inLanguage":"fr-FR","@id":"https:\/\/www.grainesdemiel.com\/#\/schema\/logo\/image\/","url":"https:\/\/www.grainesdemiel.com\/wp-content\/uploads\/2018\/12\/logo-full-small-grainesdemiel.png","contentUrl":"https:\/\/www.grainesdemiel.com\/wp-content\/uploads\/2018\/12\/logo-full-small-grainesdemiel.png","width":400,"height":145,"caption":"Graines de miel"},"image":{"@id":"https:\/\/www.grainesdemiel.com\/#\/schema\/logo\/image\/"}}]}},"_links":{"self":[{"href":"https:\/\/www.grainesdemiel.com\/index.php\/wp-json\/wp\/v2\/product\/11846","targetHints":{"allow":["GET"]}}],"collection":[{"href":"https:\/\/www.grainesdemiel.com\/index.php\/wp-json\/wp\/v2\/product"}],"about":[{"href":"https:\/\/www.grainesdemiel.com\/index.php\/wp-json\/wp\/v2\/types\/product"}],"replies":[{"embeddable":true,"href":"https:\/\/www.grainesdemiel.com\/index.php\/wp-json\/wp\/v2\/comments?post=11846"}],"version-history":[{"count":4,"href":"https:\/\/www.grainesdemiel.com\/index.php\/wp-json\/wp\/v2\/product\/11846\/revisions"}],"predecessor-version":[{"id":11875,"href":"https:\/\/www.grainesdemiel.com\/index.php\/wp-json\/wp\/v2\/product\/11846\/revisions\/11875"}],"wp:featuredmedia":[{"embeddable":true,"href":"https:\/\/www.grainesdemiel.com\/index.php\/wp-json\/wp\/v2\/media\/11847"}],"wp:attachment":[{"href":"https:\/\/www.grainesdemiel.com\/index.php\/wp-json\/wp\/v2\/media?parent=11846"}],"wp:term":[{"taxonomy":"product_brand","embeddable":true,"href":"https:\/\/www.grainesdemiel.com\/index.php\/wp-json\/wp\/v2\/product_brand?post=11846"},{"taxonomy":"product_cat","embeddable":true,"href":"https:\/\/www.grainesdemiel.com\/index.php\/wp-json\/wp\/v2\/product_cat?post=11846"},{"taxonomy":"product_tag","embeddable":true,"href":"https:\/\/www.grainesdemiel.com\/index.php\/wp-json\/wp\/v2\/product_tag?post=11846"}],"curies":[{"name":"wp","href":"https:\/\/api.w.org\/{rel}","templated":true}]}}