{"id":283,"date":"2019-06-29T11:15:58","date_gmt":"2019-06-29T09:15:58","guid":{"rendered":"https:\/\/www.grainesdemiel.com\/?page_id=283"},"modified":"2019-06-29T11:18:41","modified_gmt":"2019-06-29T09:18:41","slug":"compte-client","status":"publish","type":"page","link":"https:\/\/www.grainesdemiel.com\/index.php\/compte-client\/","title":{"rendered":"Mon compte client"},"content":{"rendered":"\t\t<div data-elementor-type=\"wp-post\" data-elementor-id=\"283\" class=\"elementor elementor-283\" data-elementor-post-type=\"page\">\n\t\t\t\t\t\t<section class=\"elementor-section elementor-top-section elementor-element elementor-element-827d50d elementor-section-boxed elementor-section-height-default elementor-section-height-default\" data-id=\"827d50d\" data-element_type=\"section\">\n\t\t\t\t\t\t<div class=\"elementor-container elementor-column-gap-default\">\n\t\t\t\t\t<div class=\"elementor-column elementor-col-100 elementor-top-column elementor-element elementor-element-91e25ed\" data-id=\"91e25ed\" data-element_type=\"column\">\n\t\t\t<div class=\"elementor-widget-wrap elementor-element-populated\">\n\t\t\t\t\t\t<div class=\"elementor-element elementor-element-4c29a89 elementor-widget elementor-widget-heading\" data-id=\"4c29a89\" data-element_type=\"widget\" data-widget_type=\"heading.default\">\n\t\t\t\t<div class=\"elementor-widget-container\">\n\t\t\t\t\t<h2 class=\"elementor-heading-title elementor-size-large\">Mon compte client<\/h2>\t\t\t\t<\/div>\n\t\t\t\t<\/div>\n\t\t\t\t<div class=\"elementor-element elementor-element-f0093dc elementor-widget elementor-widget-shortcode\" data-id=\"f0093dc\" data-element_type=\"widget\" data-widget_type=\"shortcode.default\">\n\t\t\t\t<div class=\"elementor-widget-container\">\n\t\t\t\t\t\t\t<div class=\"elementor-shortcode\"><div class=\"woocommerce\"><div class=\"woocommerce-notices-wrapper\"><\/div><ul class=\"owp-account-links\"><li class=\"login\"><a href=\"#\" class=\"owp-account-link current\">Se connecter<\/a><\/li><li class=\"or\">Ou<\/li><li class=\"register\"><a href=\"#\" class=\"owp-account-link\">S\u2019enregistrer<\/a><\/li><\/ul>\n\n<div class=\"u-columns col2-set\" id=\"customer_login\">\n\n\t<div class=\"u-column1 col-1\">\n\n\n\t\t<h2>Se connecter<\/h2>\n\n\t\t<form class=\"woocommerce-form woocommerce-form-login login\" method=\"post\" novalidate>\n\n\t\t\t\n\t\t\t<p class=\"woocommerce-form-row woocommerce-form-row--wide form-row form-row-wide\">\n\t\t\t\t<label for=\"username\">Identifiant ou e-mail&nbsp;<span class=\"required\" aria-hidden=\"true\">*<\/span><span class=\"screen-reader-text\">Obligatoire<\/span><\/label>\n\t\t\t\t<input type=\"text\" class=\"woocommerce-Input woocommerce-Input--text input-text\" name=\"username\" id=\"username\" autocomplete=\"username\" value=\"\" required aria-required=\"true\" \/>\t\t\t<\/p>\n\t\t\t<p class=\"woocommerce-form-row woocommerce-form-row--wide form-row form-row-wide\">\n\t\t\t\t<label for=\"password\">Mot de passe&nbsp;<span class=\"required\" aria-hidden=\"true\">*<\/span><span class=\"screen-reader-text\">Obligatoire<\/span><\/label>\n\t\t\t\t<input class=\"woocommerce-Input woocommerce-Input--text input-text\" type=\"password\" name=\"password\" id=\"password\" autocomplete=\"current-password\" required aria-required=\"true\" \/>\n\t\t\t<\/p>\n\n\t\t\t\n\t\t\t<p class=\"form-row\">\n\t\t\t\t<label class=\"woocommerce-form__label woocommerce-form__label-for-checkbox woocommerce-form-login__rememberme\">\n\t\t\t\t\t<input class=\"woocommerce-form__input woocommerce-form__input-checkbox\" name=\"rememberme\" type=\"checkbox\" id=\"rememberme\" value=\"forever\" \/> <span>Se souvenir de moi<\/span>\n\t\t\t\t<\/label>\n\t\t\t\t<input type=\"hidden\" id=\"woocommerce-login-nonce\" name=\"woocommerce-login-nonce\" value=\"b79f591db3\" \/><input type=\"hidden\" name=\"_wp_http_referer\" value=\"\/index.php\/wp-json\/wp\/v2\/pages\/283\" \/>\t\t\t\t<button type=\"submit\" class=\"woocommerce-button button woocommerce-form-login__submit\" name=\"login\" value=\"Se connecter\">Se connecter<\/button>\n\t\t\t<\/p>\n\t\t\t<p class=\"woocommerce-LostPassword lost_password\">\n\t\t\t\t<a href=\"https:\/\/www.grainesdemiel.com\/index.php\/compte-client\/lost-password\/\">Mot de passe perdu\u00a0?<\/a>\n\t\t\t<\/p>\n\n\t\t\t\n\t\t<\/form>\n\n\n\t<\/div>\n\n\t<div class=\"u-column2 col-2\">\n\n\t\t<h2>S\u2019inscrire<\/h2>\n\n\t\t<form method=\"post\" class=\"woocommerce-form woocommerce-form-register register\"  >\n\n\t\t\t\n\t\t\t\n\t\t\t<p class=\"woocommerce-form-row woocommerce-form-row--wide form-row form-row-wide\">\n\t\t\t\t<label for=\"reg_email\">Adresse e-mail&nbsp;<span class=\"required\" aria-hidden=\"true\">*<\/span><span class=\"screen-reader-text\">Obligatoire<\/span><\/label>\n\t\t\t\t<input type=\"email\" class=\"woocommerce-Input woocommerce-Input--text input-text\" name=\"email\" id=\"reg_email\" autocomplete=\"email\" value=\"\" required aria-required=\"true\" \/>\t\t\t<\/p>\n\n\t\t\t\n\t\t\t\t<p>Un lien permettant de d\u00e9finir un nouveau mot de passe sera envoy\u00e9 \u00e0 votre adresse e-mail.<\/p>\n\n\t\t\t\n\t\t\t<wc-order-attribution-inputs><\/wc-order-attribution-inputs><div class=\"woocommerce-privacy-policy-text\"><\/div>\n\t\t\t<p class=\"woocommerce-form-row form-row\">\n\t\t\t\t<input type=\"hidden\" id=\"woocommerce-register-nonce\" name=\"woocommerce-register-nonce\" value=\"3efe37b60a\" \/><input type=\"hidden\" name=\"_wp_http_referer\" value=\"\/index.php\/wp-json\/wp\/v2\/pages\/283\" \/>\t\t\t\t<button type=\"submit\" class=\"woocommerce-Button woocommerce-button button woocommerce-form-register__submit\" name=\"register\" value=\"S\u2019inscrire\">S\u2019inscrire<\/button>\n\t\t\t<\/p>\n\n\t\t\t\n\t\t<\/form>\n\n\t<\/div>\n\n<\/div>\n\n<\/div><\/div>\n\t\t\t\t\t\t<\/div>\n\t\t\t\t<\/div>\n\t\t\t\t\t<\/div>\n\t\t<\/div>\n\t\t\t\t\t<\/div>\n\t\t<\/section>\n\t\t\t\t<\/div>\n\t\t","protected":false},"excerpt":{"rendered":"<p>Mon compte client<\/p>\n","protected":false},"author":1,"featured_media":0,"parent":0,"menu_order":0,"comment_status":"closed","ping_status":"closed","template":"","meta":{"ocean_post_layout":"","ocean_both_sidebars_style":"","ocean_both_sidebars_content_width":0,"ocean_both_sidebars_sidebars_width":0,"ocean_sidebar":"0","ocean_second_sidebar":"0","ocean_disable_margins":"enable","ocean_add_body_class":"","ocean_shortcode_before_top_bar":"","ocean_shortcode_after_top_bar":"","ocean_shortcode_before_header":"","ocean_shortcode_after_header":"","ocean_has_shortcode":"","ocean_shortcode_after_title":"","ocean_shortcode_before_footer_widgets":"","ocean_shortcode_after_footer_widgets":"","ocean_shortcode_before_footer_bottom":"","ocean_shortcode_after_footer_bottom":"","ocean_display_top_bar":"default","ocean_display_header":"default","ocean_header_style":"","ocean_center_header_left_menu":"0","ocean_custom_header_template":"0","ocean_custom_logo":0,"ocean_custom_retina_logo":0,"ocean_custom_logo_max_width":0,"ocean_custom_logo_tablet_max_width":0,"ocean_custom_logo_mobile_max_width":0,"ocean_custom_logo_max_height":0,"ocean_custom_logo_tablet_max_height":0,"ocean_custom_logo_mobile_max_height":0,"ocean_header_custom_menu":"0","ocean_menu_typo_font_family":"0","ocean_menu_typo_font_subset":"","ocean_menu_typo_font_size":0,"ocean_menu_typo_font_size_tablet":0,"ocean_menu_typo_font_size_mobile":0,"ocean_menu_typo_font_size_unit":"px","ocean_menu_typo_font_weight":"","ocean_menu_typo_font_weight_tablet":"","ocean_menu_typo_font_weight_mobile":"","ocean_menu_typo_transform":"","ocean_menu_typo_transform_tablet":"","ocean_menu_typo_transform_mobile":"","ocean_menu_typo_line_height":0,"ocean_menu_typo_line_height_tablet":0,"ocean_menu_typo_line_height_mobile":0,"ocean_menu_typo_line_height_unit":"","ocean_menu_typo_spacing":0,"ocean_menu_typo_spacing_tablet":0,"ocean_menu_typo_spacing_mobile":0,"ocean_menu_typo_spacing_unit":"","ocean_menu_link_color":"","ocean_menu_link_color_hover":"","ocean_menu_link_color_active":"","ocean_menu_link_background":"","ocean_menu_link_hover_background":"","ocean_menu_link_active_background":"","ocean_menu_social_links_bg":"","ocean_menu_social_hover_links_bg":"","ocean_menu_social_links_color":"","ocean_menu_social_hover_links_color":"","ocean_disable_title":"default","ocean_disable_heading":"default","ocean_post_title":"","ocean_post_subheading":"","ocean_post_title_style":"","ocean_post_title_background_color":"","ocean_post_title_background":0,"ocean_post_title_bg_image_position":"","ocean_post_title_bg_image_attachment":"","ocean_post_title_bg_image_repeat":"","ocean_post_title_bg_image_size":"","ocean_post_title_height":0,"ocean_post_title_bg_overlay":0.5,"ocean_post_title_bg_overlay_color":"","ocean_disable_breadcrumbs":"default","ocean_breadcrumbs_color":"","ocean_breadcrumbs_separator_color":"","ocean_breadcrumbs_links_color":"","ocean_breadcrumbs_links_hover_color":"","ocean_display_footer_widgets":"default","ocean_display_footer_bottom":"default","ocean_custom_footer_template":"0","omw_enable_modal_window":"enable","footnotes":""},"class_list":["post-283","page","type-page","status-publish","hentry","entry","owp-thumbs-layout-horizontal","owp-btn-normal","owp-tabs-layout-horizontal","has-no-thumbnails","has-product-nav"],"yoast_head":"<!-- This site is optimized with the Yoast SEO plugin v25.4 - https:\/\/yoast.com\/wordpress\/plugins\/seo\/ -->\n<title>Mon compte client - Graines de Miel<\/title>\n<meta name=\"description\" content=\"Graines de Miel - Le monde du miel et ses bienfaits dans votre vie - Vente, Informations, Partages - Happy&#039;cultrice en Loire-Atlantique au coeur du parc naturel de la Bri\u00e8re\" \/>\n<meta name=\"robots\" content=\"index, follow, max-snippet:-1, max-image-preview:large, max-video-preview:-1\" \/>\n<link rel=\"canonical\" href=\"https:\/\/www.grainesdemiel.com\/index.php\/compte-client\/\" \/>\n<meta property=\"og:locale\" content=\"fr_FR\" \/>\n<meta property=\"og:type\" content=\"article\" \/>\n<meta property=\"og:title\" content=\"Mon compte client - Graines de Miel\" \/>\n<meta property=\"og:description\" content=\"Graines de Miel - Le monde du miel et ses bienfaits dans votre vie - Vente, Informations, Partages - Happy&#039;cultrice en Loire-Atlantique au coeur du parc naturel de la Bri\u00e8re\" \/>\n<meta property=\"og:url\" content=\"https:\/\/www.grainesdemiel.com\/index.php\/compte-client\/\" \/>\n<meta property=\"og:site_name\" content=\"Graines de Miel\" \/>\n<meta property=\"article:modified_time\" content=\"2019-06-29T09:18:41+00:00\" \/>\n<meta name=\"twitter:card\" content=\"summary_large_image\" \/>\n<script type=\"application\/ld+json\" class=\"yoast-schema-graph\">{\"@context\":\"https:\/\/schema.org\",\"@graph\":[{\"@type\":\"WebPage\",\"@id\":\"https:\/\/www.grainesdemiel.com\/index.php\/compte-client\/\",\"url\":\"https:\/\/www.grainesdemiel.com\/index.php\/compte-client\/\",\"name\":\"Mon compte client - Graines de Miel\",\"isPartOf\":{\"@id\":\"https:\/\/www.grainesdemiel.com\/#website\"},\"datePublished\":\"2019-06-29T09:15:58+00:00\",\"dateModified\":\"2019-06-29T09:18:41+00:00\",\"description\":\"Graines de Miel - Le monde du miel et ses bienfaits dans votre vie - Vente, Informations, Partages - Happy'cultrice en Loire-Atlantique au coeur du parc naturel de la Bri\u00e8re\",\"breadcrumb\":{\"@id\":\"https:\/\/www.grainesdemiel.com\/index.php\/compte-client\/#breadcrumb\"},\"inLanguage\":\"fr-FR\",\"potentialAction\":[{\"@type\":\"ReadAction\",\"target\":[\"https:\/\/www.grainesdemiel.com\/index.php\/compte-client\/\"]}]},{\"@type\":\"BreadcrumbList\",\"@id\":\"https:\/\/www.grainesdemiel.com\/index.php\/compte-client\/#breadcrumb\",\"itemListElement\":[{\"@type\":\"ListItem\",\"position\":1,\"name\":\"Accueil\",\"item\":\"https:\/\/www.grainesdemiel.com\/\"},{\"@type\":\"ListItem\",\"position\":2,\"name\":\"Mon compte client\"}]},{\"@type\":\"WebSite\",\"@id\":\"https:\/\/www.grainesdemiel.com\/#website\",\"url\":\"https:\/\/www.grainesdemiel.com\/\",\"name\":\"Graines de Miel\",\"description\":\"La Nature et ses Bienfaits dans notre Vie\",\"publisher\":{\"@id\":\"https:\/\/www.grainesdemiel.com\/#organization\"},\"potentialAction\":[{\"@type\":\"SearchAction\",\"target\":{\"@type\":\"EntryPoint\",\"urlTemplate\":\"https:\/\/www.grainesdemiel.com\/?s={search_term_string}\"},\"query-input\":{\"@type\":\"PropertyValueSpecification\",\"valueRequired\":true,\"valueName\":\"search_term_string\"}}],\"inLanguage\":\"fr-FR\"},{\"@type\":\"Organization\",\"@id\":\"https:\/\/www.grainesdemiel.com\/#organization\",\"name\":\"Graines de miel\",\"url\":\"https:\/\/www.grainesdemiel.com\/\",\"logo\":{\"@type\":\"ImageObject\",\"inLanguage\":\"fr-FR\",\"@id\":\"https:\/\/www.grainesdemiel.com\/#\/schema\/logo\/image\/\",\"url\":\"https:\/\/www.grainesdemiel.com\/wp-content\/uploads\/2018\/12\/logo-full-small-grainesdemiel.png\",\"contentUrl\":\"https:\/\/www.grainesdemiel.com\/wp-content\/uploads\/2018\/12\/logo-full-small-grainesdemiel.png\",\"width\":400,\"height\":145,\"caption\":\"Graines de miel\"},\"image\":{\"@id\":\"https:\/\/www.grainesdemiel.com\/#\/schema\/logo\/image\/\"}}]}<\/script>\n<!-- \/ Yoast SEO plugin. -->","yoast_head_json":{"title":"Mon compte client - Graines de Miel","description":"Graines de Miel - Le monde du miel et ses bienfaits dans votre vie - Vente, Informations, Partages - Happy'cultrice en Loire-Atlantique au coeur du parc naturel de la Bri\u00e8re","robots":{"index":"index","follow":"follow","max-snippet":"max-snippet:-1","max-image-preview":"max-image-preview:large","max-video-preview":"max-video-preview:-1"},"canonical":"https:\/\/www.grainesdemiel.com\/index.php\/compte-client\/","og_locale":"fr_FR","og_type":"article","og_title":"Mon compte client - Graines de Miel","og_description":"Graines de Miel - Le monde du miel et ses bienfaits dans votre vie - Vente, Informations, Partages - Happy'cultrice en Loire-Atlantique au coeur du parc naturel de la Bri\u00e8re","og_url":"https:\/\/www.grainesdemiel.com\/index.php\/compte-client\/","og_site_name":"Graines de Miel","article_modified_time":"2019-06-29T09:18:41+00:00","twitter_card":"summary_large_image","schema":{"@context":"https:\/\/schema.org","@graph":[{"@type":"WebPage","@id":"https:\/\/www.grainesdemiel.com\/index.php\/compte-client\/","url":"https:\/\/www.grainesdemiel.com\/index.php\/compte-client\/","name":"Mon compte client - Graines de Miel","isPartOf":{"@id":"https:\/\/www.grainesdemiel.com\/#website"},"datePublished":"2019-06-29T09:15:58+00:00","dateModified":"2019-06-29T09:18:41+00:00","description":"Graines de Miel - Le monde du miel et ses bienfaits dans votre vie - Vente, Informations, Partages - Happy'cultrice en Loire-Atlantique au coeur du parc naturel de la Bri\u00e8re","breadcrumb":{"@id":"https:\/\/www.grainesdemiel.com\/index.php\/compte-client\/#breadcrumb"},"inLanguage":"fr-FR","potentialAction":[{"@type":"ReadAction","target":["https:\/\/www.grainesdemiel.com\/index.php\/compte-client\/"]}]},{"@type":"BreadcrumbList","@id":"https:\/\/www.grainesdemiel.com\/index.php\/compte-client\/#breadcrumb","itemListElement":[{"@type":"ListItem","position":1,"name":"Accueil","item":"https:\/\/www.grainesdemiel.com\/"},{"@type":"ListItem","position":2,"name":"Mon compte client"}]},{"@type":"WebSite","@id":"https:\/\/www.grainesdemiel.com\/#website","url":"https:\/\/www.grainesdemiel.com\/","name":"Graines de Miel","description":"La Nature et ses Bienfaits dans notre Vie","publisher":{"@id":"https:\/\/www.grainesdemiel.com\/#organization"},"potentialAction":[{"@type":"SearchAction","target":{"@type":"EntryPoint","urlTemplate":"https:\/\/www.grainesdemiel.com\/?s={search_term_string}"},"query-input":{"@type":"PropertyValueSpecification","valueRequired":true,"valueName":"search_term_string"}}],"inLanguage":"fr-FR"},{"@type":"Organization","@id":"https:\/\/www.grainesdemiel.com\/#organization","name":"Graines de miel","url":"https:\/\/www.grainesdemiel.com\/","logo":{"@type":"ImageObject","inLanguage":"fr-FR","@id":"https:\/\/www.grainesdemiel.com\/#\/schema\/logo\/image\/","url":"https:\/\/www.grainesdemiel.com\/wp-content\/uploads\/2018\/12\/logo-full-small-grainesdemiel.png","contentUrl":"https:\/\/www.grainesdemiel.com\/wp-content\/uploads\/2018\/12\/logo-full-small-grainesdemiel.png","width":400,"height":145,"caption":"Graines de miel"},"image":{"@id":"https:\/\/www.grainesdemiel.com\/#\/schema\/logo\/image\/"}}]}},"_links":{"self":[{"href":"https:\/\/www.grainesdemiel.com\/index.php\/wp-json\/wp\/v2\/pages\/283","targetHints":{"allow":["GET"]}}],"collection":[{"href":"https:\/\/www.grainesdemiel.com\/index.php\/wp-json\/wp\/v2\/pages"}],"about":[{"href":"https:\/\/www.grainesdemiel.com\/index.php\/wp-json\/wp\/v2\/types\/page"}],"author":[{"embeddable":true,"href":"https:\/\/www.grainesdemiel.com\/index.php\/wp-json\/wp\/v2\/users\/1"}],"replies":[{"embeddable":true,"href":"https:\/\/www.grainesdemiel.com\/index.php\/wp-json\/wp\/v2\/comments?post=283"}],"version-history":[{"count":5,"href":"https:\/\/www.grainesdemiel.com\/index.php\/wp-json\/wp\/v2\/pages\/283\/revisions"}],"predecessor-version":[{"id":289,"href":"https:\/\/www.grainesdemiel.com\/index.php\/wp-json\/wp\/v2\/pages\/283\/revisions\/289"}],"wp:attachment":[{"href":"https:\/\/www.grainesdemiel.com\/index.php\/wp-json\/wp\/v2\/media?parent=283"}],"curies":[{"name":"wp","href":"https:\/\/api.w.org\/{rel}","templated":true}]}}